{"id":2596,"date":"2023-05-02T09:21:56","date_gmt":"2023-05-02T07:21:56","guid":{"rendered":"https:\/\/waycapspa.com\/soft-accessories\/"},"modified":"2024-11-11T19:38:58","modified_gmt":"2024-11-11T18:38:58","slug":"soft-accessories","status":"publish","type":"page","link":"https:\/\/waycapspa.com\/fr\/soft-accessories\/","title":{"rendered":"Soft Accessories"},"content":{"rendered":"\t\t<div data-elementor-type=\"wp-page\" data-elementor-id=\"2596\" class=\"elementor elementor-2596 elementor-1142\" data-elementor-post-type=\"page\">\n\t\t\t\t\t\t<section class=\"elementor-section elementor-top-section elementor-element elementor-element-2d24f82 elementor-section-full_width elementor-section-height-min-height elementor-section-height-default elementor-section-items-middle\" data-id=\"2d24f82\" data-element_type=\"section\" data-e-type=\"section\" data-settings=\"{&quot;background_background&quot;:&quot;classic&quot;}\">\n\t\t\t\t\t\t\t<div class=\"elementor-background-overlay\"><\/div>\n\t\t\t\t\t\t\t<div class=\"elementor-container elementor-column-gap-default\">\n\t\t\t\t\t<div class=\"elementor-column elementor-col-100 elementor-top-column elementor-element elementor-element-11fcb2af\" data-id=\"11fcb2af\" data-element_type=\"column\" data-e-type=\"column\">\n\t\t\t<div class=\"elementor-widget-wrap elementor-element-populated\">\n\t\t\t\t\t\t<div class=\"elementor-element elementor-element-2804c81 elementor-widget elementor-widget-spacer\" data-id=\"2804c81\" data-element_type=\"widget\" data-e-type=\"widget\" data-widget_type=\"spacer.default\">\n\t\t\t\t<div class=\"elementor-widget-container\">\n\t\t\t\t\t\t\t<div class=\"elementor-spacer\">\n\t\t\t<div class=\"elementor-spacer-inner\"><\/div>\n\t\t<\/div>\n\t\t\t\t\t\t<\/div>\n\t\t\t\t<\/div>\n\t\t\t\t<div class=\"elementor-element elementor-element-0e48f0c elementor-widget elementor-widget-heading\" data-id=\"0e48f0c\" data-element_type=\"widget\" data-e-type=\"widget\" data-widget_type=\"heading.default\">\n\t\t\t\t<div class=\"elementor-widget-container\">\n\t\t\t\t\t<h1 class=\"elementor-heading-title elementor-size-default\">ACCESSOIRES EN  MAILLE<\/h1>\t\t\t\t<\/div>\n\t\t\t\t<\/div>\n\t\t\t\t\t<\/div>\n\t\t<\/div>\n\t\t\t\t\t<\/div>\n\t\t<\/section>\n\t\t\t\t<section class=\"elementor-section elementor-top-section elementor-element elementor-element-6b7b221 elementor-section-full_width elementor-section-height-default elementor-section-height-default\" data-id=\"6b7b221\" data-element_type=\"section\" data-e-type=\"section\" data-settings=\"{&quot;background_background&quot;:&quot;classic&quot;}\">\n\t\t\t\t\t\t<div class=\"elementor-container elementor-column-gap-no\">\n\t\t\t\t\t<div class=\"elementor-column elementor-col-50 elementor-top-column elementor-element elementor-element-8185e34\" data-id=\"8185e34\" data-element_type=\"column\" data-e-type=\"column\">\n\t\t\t<div class=\"elementor-widget-wrap elementor-element-populated\">\n\t\t\t\t\t\t<div class=\"elementor-element elementor-element-e354501 elementor-widget elementor-widget-heading\" data-id=\"e354501\" data-element_type=\"widget\" data-e-type=\"widget\" data-widget_type=\"heading.default\">\n\t\t\t\t<div class=\"elementor-widget-container\">\n\t\t\t\t\t<h2 class=\"elementor-heading-title elementor-size-default\">Produits<\/h2>\t\t\t\t<\/div>\n\t\t\t\t<\/div>\n\t\t\t\t<div class=\"elementor-element elementor-element-5252566 elementor-widget-divider--view-line elementor-widget elementor-widget-divider\" data-id=\"5252566\" data-element_type=\"widget\" data-e-type=\"widget\" data-widget_type=\"divider.default\">\n\t\t\t\t<div class=\"elementor-widget-container\">\n\t\t\t\t\t\t\t<div class=\"elementor-divider\">\n\t\t\t<span class=\"elementor-divider-separator\">\n\t\t\t\t\t\t<\/span>\n\t\t<\/div>\n\t\t\t\t\t\t<\/div>\n\t\t\t\t<\/div>\n\t\t\t\t\t<\/div>\n\t\t<\/div>\n\t\t\t\t<div class=\"elementor-column elementor-col-50 elementor-top-column elementor-element elementor-element-201c1d2\" data-id=\"201c1d2\" data-element_type=\"column\" data-e-type=\"column\">\n\t\t\t<div class=\"elementor-widget-wrap elementor-element-populated\">\n\t\t\t\t\t\t<div class=\"elementor-element elementor-element-c61ebd6 elementor-widget__width-initial elementor-widget elementor-widget-heading\" data-id=\"c61ebd6\" data-element_type=\"widget\" data-e-type=\"widget\" data-widget_type=\"heading.default\">\n\t\t\t\t<div class=\"elementor-widget-container\">\n\t\t\t\t\t<h2 class=\"elementor-heading-title elementor-size-default\">Type d\u2019accessoires en tricot : beanie, \u00e9charpes et gants<\/h2>\t\t\t\t<\/div>\n\t\t\t\t<\/div>\n\t\t\t\t<div class=\"elementor-element elementor-element-a36cd68 elementor-hidden-mobile elementor-widget-divider--view-line elementor-widget elementor-widget-divider\" data-id=\"a36cd68\" data-element_type=\"widget\" data-e-type=\"widget\" data-widget_type=\"divider.default\">\n\t\t\t\t<div class=\"elementor-widget-container\">\n\t\t\t\t\t\t\t<div class=\"elementor-divider\">\n\t\t\t<span class=\"elementor-divider-separator\">\n\t\t\t\t\t\t<\/span>\n\t\t<\/div>\n\t\t\t\t\t\t<\/div>\n\t\t\t\t<\/div>\n\t\t\t\t\t<\/div>\n\t\t<\/div>\n\t\t\t\t\t<\/div>\n\t\t<\/section>\n\t\t\t\t<section class=\"elementor-section elementor-top-section elementor-element elementor-element-6e5e2f7 elementor-section-full_width elementor-section-height-default elementor-section-height-default\" data-id=\"6e5e2f7\" data-element_type=\"section\" data-e-type=\"section\" data-settings=\"{&quot;background_background&quot;:&quot;classic&quot;}\">\n\t\t\t\t\t\t<div class=\"elementor-container elementor-column-gap-no\">\n\t\t\t\t\t<div class=\"elementor-column elementor-col-50 elementor-top-column elementor-element elementor-element-1e454e5\" data-id=\"1e454e5\" data-element_type=\"column\" data-e-type=\"column\">\n\t\t\t<div class=\"elementor-widget-wrap elementor-element-populated\">\n\t\t\t\t\t\t<div class=\"elementor-element elementor-element-0c8d42f elementor-widget elementor-widget-image\" data-id=\"0c8d42f\" data-element_type=\"widget\" data-e-type=\"widget\" data-widget_type=\"image.default\">\n\t\t\t\t<div class=\"elementor-widget-container\">\n\t\t\t\t\t\t\t\t\t\t\t\t\t\t\t<img fetchpriority=\"high\" decoding=\"async\" width=\"600\" height=\"600\" src=\"https:\/\/waycapspa.com\/wp-content\/uploads\/2023\/05\/1-1.jpg\" class=\"attachment-full size-full wp-image-2604\" alt=\"\" srcset=\"https:\/\/waycapspa.com\/wp-content\/uploads\/2023\/05\/1-1.jpg 600w, https:\/\/waycapspa.com\/wp-content\/uploads\/2023\/05\/1-1-300x300.jpg 300w, https:\/\/waycapspa.com\/wp-content\/uploads\/2023\/05\/1-1-150x150.jpg 150w\" sizes=\"(max-width: 600px) 100vw, 600px\" \/>\t\t\t\t\t\t\t\t\t\t\t\t\t\t\t<\/div>\n\t\t\t\t<\/div>\n\t\t\t\t\t<\/div>\n\t\t<\/div>\n\t\t\t\t<div class=\"elementor-column elementor-col-50 elementor-top-column elementor-element elementor-element-b718ad4\" data-id=\"b718ad4\" data-element_type=\"column\" data-e-type=\"column\">\n\t\t\t<div class=\"elementor-widget-wrap elementor-element-populated\">\n\t\t\t\t\t\t<div class=\"elementor-element elementor-element-7ddc192 elementor-widget elementor-widget-spacer\" data-id=\"7ddc192\" data-element_type=\"widget\" data-e-type=\"widget\" data-widget_type=\"spacer.default\">\n\t\t\t\t<div class=\"elementor-widget-container\">\n\t\t\t\t\t\t\t<div class=\"elementor-spacer\">\n\t\t\t<div class=\"elementor-spacer-inner\"><\/div>\n\t\t<\/div>\n\t\t\t\t\t\t<\/div>\n\t\t\t\t<\/div>\n\t\t\t\t<div class=\"elementor-element elementor-element-4561715 elementor-widget__width-initial elementor-widget elementor-widget-text-editor\" data-id=\"4561715\" data-element_type=\"widget\" data-e-type=\"widget\" data-widget_type=\"text-editor.default\">\n\t\t\t\t<div class=\"elementor-widget-container\">\n\t\t\t\t\t\t\t\t\tNous concevons et produisons dans\n\nnotre plateforme de production des v\u00eatements\n\nen tricot en utilisant diff\u00e9rents fils et points,\n\nenrichissant avec des accessoires et des travaux\n\nde grande qualit\u00e9.\n\n \t\t\t\t\t\t\t\t<\/div>\n\t\t\t\t<\/div>\n\t\t\t\t\t<\/div>\n\t\t<\/div>\n\t\t\t\t\t<\/div>\n\t\t<\/section>\n\t\t\t\t<section class=\"elementor-section elementor-top-section elementor-element elementor-element-039d50d elementor-section-full_width elementor-reverse-tablet elementor-reverse-mobile elementor-section-height-default elementor-section-height-default\" data-id=\"039d50d\" data-element_type=\"section\" data-e-type=\"section\" data-settings=\"{&quot;background_background&quot;:&quot;classic&quot;}\">\n\t\t\t\t\t\t<div class=\"elementor-container elementor-column-gap-no\">\n\t\t\t\t\t<div class=\"elementor-column elementor-col-50 elementor-top-column elementor-element elementor-element-683d7a4\" data-id=\"683d7a4\" data-element_type=\"column\" data-e-type=\"column\">\n\t\t\t<div class=\"elementor-widget-wrap elementor-element-populated\">\n\t\t\t\t\t\t<div class=\"elementor-element elementor-element-e30ad26 elementor-widget elementor-widget-spacer\" data-id=\"e30ad26\" data-element_type=\"widget\" data-e-type=\"widget\" data-widget_type=\"spacer.default\">\n\t\t\t\t<div class=\"elementor-widget-container\">\n\t\t\t\t\t\t\t<div class=\"elementor-spacer\">\n\t\t\t<div class=\"elementor-spacer-inner\"><\/div>\n\t\t<\/div>\n\t\t\t\t\t\t<\/div>\n\t\t\t\t<\/div>\n\t\t\t\t<div class=\"elementor-element elementor-element-488a162 elementor-widget__width-initial elementor-widget elementor-widget-text-editor\" data-id=\"488a162\" data-element_type=\"widget\" data-e-type=\"widget\" data-widget_type=\"text-editor.default\">\n\t\t\t\t<div class=\"elementor-widget-container\">\n\t\t\t\t\t\t\t\t\t<p>Avec nos travaux, nous pouvons proposer des points de tricot uniques con\u00e7us pour chaque besoin en laine pour les p\u00e9riodes froides et en coton pour les p\u00e9riodes chaudes. Nous pouvons intariser des logos et des dessins que l\u2019artisanat de la main-d\u2019\u0153uvre. <\/p>\n\t\t\t\t\t\t\t\t<\/div>\n\t\t\t\t<\/div>\n\t\t\t\t\t<\/div>\n\t\t<\/div>\n\t\t\t\t<div class=\"elementor-column elementor-col-50 elementor-top-column elementor-element elementor-element-23ca491\" data-id=\"23ca491\" data-element_type=\"column\" data-e-type=\"column\">\n\t\t\t<div class=\"elementor-widget-wrap elementor-element-populated\">\n\t\t\t\t\t\t<div class=\"elementor-element elementor-element-7c8eec1 e-transform elementor-widget elementor-widget-image\" data-id=\"7c8eec1\" data-element_type=\"widget\" data-e-type=\"widget\" data-settings=\"{&quot;_transform_flipX_effect&quot;:&quot;transform&quot;}\" data-widget_type=\"image.default\">\n\t\t\t\t<div class=\"elementor-widget-container\">\n\t\t\t\t\t\t\t\t\t\t\t\t\t\t\t<img decoding=\"async\" width=\"600\" height=\"600\" src=\"https:\/\/waycapspa.com\/wp-content\/uploads\/2023\/05\/2-1.jpg\" class=\"attachment-full size-full wp-image-2605\" alt=\"\" srcset=\"https:\/\/waycapspa.com\/wp-content\/uploads\/2023\/05\/2-1.jpg 600w, https:\/\/waycapspa.com\/wp-content\/uploads\/2023\/05\/2-1-300x300.jpg 300w, https:\/\/waycapspa.com\/wp-content\/uploads\/2023\/05\/2-1-150x150.jpg 150w\" sizes=\"(max-width: 600px) 100vw, 600px\" \/>\t\t\t\t\t\t\t\t\t\t\t\t\t\t\t<\/div>\n\t\t\t\t<\/div>\n\t\t\t\t\t<\/div>\n\t\t<\/div>\n\t\t\t\t\t<\/div>\n\t\t<\/section>\n\t\t\t\t<section class=\"elementor-section elementor-top-section elementor-element elementor-element-c5bc171 elementor-section-full_width elementor-section-height-default elementor-section-height-default\" data-id=\"c5bc171\" data-element_type=\"section\" data-e-type=\"section\" data-settings=\"{&quot;background_background&quot;:&quot;classic&quot;}\">\n\t\t\t\t\t\t<div class=\"elementor-container elementor-column-gap-no\">\n\t\t\t\t\t<div class=\"elementor-column elementor-col-50 elementor-top-column elementor-element elementor-element-c511035\" data-id=\"c511035\" data-element_type=\"column\" data-e-type=\"column\">\n\t\t\t<div class=\"elementor-widget-wrap elementor-element-populated\">\n\t\t\t\t\t\t<div class=\"elementor-element elementor-element-d8291db elementor-widget elementor-widget-image\" data-id=\"d8291db\" data-element_type=\"widget\" data-e-type=\"widget\" data-widget_type=\"image.default\">\n\t\t\t\t<div class=\"elementor-widget-container\">\n\t\t\t\t\t\t\t\t\t\t\t\t\t\t\t<img decoding=\"async\" width=\"600\" height=\"600\" src=\"https:\/\/waycapspa.com\/wp-content\/uploads\/2023\/05\/3-1.jpg\" class=\"attachment-full size-full wp-image-2606\" alt=\"\" srcset=\"https:\/\/waycapspa.com\/wp-content\/uploads\/2023\/05\/3-1.jpg 600w, https:\/\/waycapspa.com\/wp-content\/uploads\/2023\/05\/3-1-300x300.jpg 300w, https:\/\/waycapspa.com\/wp-content\/uploads\/2023\/05\/3-1-150x150.jpg 150w\" sizes=\"(max-width: 600px) 100vw, 600px\" \/>\t\t\t\t\t\t\t\t\t\t\t\t\t\t\t<\/div>\n\t\t\t\t<\/div>\n\t\t\t\t\t<\/div>\n\t\t<\/div>\n\t\t\t\t<div class=\"elementor-column elementor-col-50 elementor-top-column elementor-element elementor-element-62f9a2f\" data-id=\"62f9a2f\" data-element_type=\"column\" data-e-type=\"column\">\n\t\t\t<div class=\"elementor-widget-wrap elementor-element-populated\">\n\t\t\t\t\t\t<div class=\"elementor-element elementor-element-dc8240d elementor-widget elementor-widget-spacer\" data-id=\"dc8240d\" data-element_type=\"widget\" data-e-type=\"widget\" data-widget_type=\"spacer.default\">\n\t\t\t\t<div class=\"elementor-widget-container\">\n\t\t\t\t\t\t\t<div class=\"elementor-spacer\">\n\t\t\t<div class=\"elementor-spacer-inner\"><\/div>\n\t\t<\/div>\n\t\t\t\t\t\t<\/div>\n\t\t\t\t<\/div>\n\t\t\t\t<div class=\"elementor-element elementor-element-f08905f elementor-widget__width-initial elementor-widget elementor-widget-text-editor\" data-id=\"f08905f\" data-element_type=\"widget\" data-e-type=\"widget\" data-widget_type=\"text-editor.default\">\n\t\t\t\t<div class=\"elementor-widget-container\">\n\t\t\t\t\t\t\t\t\t<p>Avec notre exp\u00e9rience, nous sommes en mesure de coordonner des ensembles complets de chapeaux, \u00e9charpes et gants, en optimisant les processus et les mat\u00e9riaux, ce qui rend les ensembles parfaitement adapt\u00e9s aux humeurs et aux lignes de tricot requises par les marques.<\/p>\n\t\t\t\t\t\t\t\t<\/div>\n\t\t\t\t<\/div>\n\t\t\t\t\t<\/div>\n\t\t<\/div>\n\t\t\t\t\t<\/div>\n\t\t<\/section>\n\t\t\t\t<\/div>\n\t\t","protected":false},"excerpt":{"rendered":"<p>ACCESSOIRES EN MAILLE Produits Type d\u2019accessoires en tricot : beanie, \u00e9charpes et gants Nous concevons et produisons dans notre plateforme de production des v\u00eatements en tricot en utilisant diff\u00e9rents fils et points, enrichissant avec des accessoires et des travaux de grande qualit\u00e9. Avec nos travaux, nous pouvons proposer des points de tricot uniques con\u00e7us pour [&hellip;]<\/p>\n","protected":false},"author":1,"featured_media":2570,"parent":0,"menu_order":0,"comment_status":"closed","ping_status":"closed","template":"","meta":{"inline_featured_image":false,"_monsterinsights_skip_tracking":false,"_monsterinsights_sitenote_active":false,"_monsterinsights_sitenote_note":"","_monsterinsights_sitenote_category":0,"footnotes":""},"class_list":["post-2596","page","type-page","status-publish","has-post-thumbnail","hentry"],"yoast_head":"<!-- This site is optimized with the Yoast SEO plugin v27.0 - https:\/\/yoast.com\/product\/yoast-seo-wordpress\/ -->\n<title>WAYCAP Headwear Quality | Soft Accessories<\/title>\n<meta name=\"description\" content=\"Waycap Headwear Quality. Azienda leader in Europa nella produzione di copricapi in tessuto e maglia. Produzione cappelli e soft accessory.\" \/>\n<meta name=\"robots\" content=\"index, follow, max-snippet:-1, max-image-preview:large, max-video-preview:-1\" \/>\n<link rel=\"canonical\" href=\"https:\/\/waycapspa.com\/fr\/soft-accessories\/\" \/>\n<meta property=\"og:locale\" content=\"fr_FR\" \/>\n<meta property=\"og:type\" content=\"article\" \/>\n<meta property=\"og:title\" content=\"WAYCAP Headwear Quality | Soft Accessories\" \/>\n<meta property=\"og:description\" content=\"Waycap Headwear Quality. Azienda leader in Europa nella produzione di copricapi in tessuto e maglia. Produzione cappelli e soft accessory.\" \/>\n<meta property=\"og:url\" content=\"https:\/\/waycapspa.com\/fr\/soft-accessories\/\" \/>\n<meta property=\"og:site_name\" content=\"Waycap spa\" \/>\n<meta property=\"article:modified_time\" content=\"2024-11-11T18:38:58+00:00\" \/>\n<meta property=\"og:image\" content=\"https:\/\/waycapspa.com\/wp-content\/uploads\/2023\/03\/foto-header_def-scaled.jpg\" \/>\n\t<meta property=\"og:image:width\" content=\"1920\" \/>\n\t<meta property=\"og:image:height\" content=\"1282\" \/>\n\t<meta property=\"og:image:type\" content=\"image\/jpeg\" \/>\n<meta name=\"twitter:card\" content=\"summary_large_image\" \/>\n<meta name=\"twitter:label1\" content=\"Dur\u00e9e de lecture estim\u00e9e\" \/>\n\t<meta name=\"twitter:data1\" content=\"2 minutes\" \/>\n<script type=\"application\/ld+json\" class=\"yoast-schema-graph\">{\"@context\":\"https:\/\/schema.org\",\"@graph\":[{\"@type\":\"WebPage\",\"@id\":\"https:\/\/waycapspa.com\/fr\/soft-accessories\/\",\"url\":\"https:\/\/waycapspa.com\/fr\/soft-accessories\/\",\"name\":\"WAYCAP Headwear Quality | Soft Accessories\",\"isPartOf\":{\"@id\":\"https:\/\/waycapspa.com\/fr\/#website\"},\"primaryImageOfPage\":{\"@id\":\"https:\/\/waycapspa.com\/fr\/soft-accessories\/#primaryimage\"},\"image\":{\"@id\":\"https:\/\/waycapspa.com\/fr\/soft-accessories\/#primaryimage\"},\"thumbnailUrl\":\"https:\/\/waycapspa.com\/wp-content\/uploads\/2023\/03\/foto-header_def-scaled.jpg\",\"datePublished\":\"2023-05-02T07:21:56+00:00\",\"dateModified\":\"2024-11-11T18:38:58+00:00\",\"description\":\"Waycap Headwear Quality. Azienda leader in Europa nella produzione di copricapi in tessuto e maglia. Produzione cappelli e soft accessory.\",\"breadcrumb\":{\"@id\":\"https:\/\/waycapspa.com\/fr\/soft-accessories\/#breadcrumb\"},\"inLanguage\":\"fr-FR\",\"potentialAction\":[{\"@type\":\"ReadAction\",\"target\":[\"https:\/\/waycapspa.com\/fr\/soft-accessories\/\"]}]},{\"@type\":\"ImageObject\",\"inLanguage\":\"fr-FR\",\"@id\":\"https:\/\/waycapspa.com\/fr\/soft-accessories\/#primaryimage\",\"url\":\"https:\/\/waycapspa.com\/wp-content\/uploads\/2023\/03\/foto-header_def-scaled.jpg\",\"contentUrl\":\"https:\/\/waycapspa.com\/wp-content\/uploads\/2023\/03\/foto-header_def-scaled.jpg\",\"width\":1920,\"height\":1282},{\"@type\":\"BreadcrumbList\",\"@id\":\"https:\/\/waycapspa.com\/fr\/soft-accessories\/#breadcrumb\",\"itemListElement\":[{\"@type\":\"ListItem\",\"position\":1,\"name\":\"Home\",\"item\":\"https:\/\/waycapspa.com\/fr\/\"},{\"@type\":\"ListItem\",\"position\":2,\"name\":\"Soft Accessories\"}]},{\"@type\":\"WebSite\",\"@id\":\"https:\/\/waycapspa.com\/fr\/#website\",\"url\":\"https:\/\/waycapspa.com\/fr\/\",\"name\":\"WAYCAP HEADWEAR QUALITY\",\"description\":\"Headwear Quality\",\"publisher\":{\"@id\":\"https:\/\/waycapspa.com\/fr\/#organization\"},\"alternateName\":\"WAYCAP SPA\",\"potentialAction\":[{\"@type\":\"SearchAction\",\"target\":{\"@type\":\"EntryPoint\",\"urlTemplate\":\"https:\/\/waycapspa.com\/fr\/?s={search_term_string}\"},\"query-input\":{\"@type\":\"PropertyValueSpecification\",\"valueRequired\":true,\"valueName\":\"search_term_string\"}}],\"inLanguage\":\"fr-FR\"},{\"@type\":\"Organization\",\"@id\":\"https:\/\/waycapspa.com\/fr\/#organization\",\"name\":\"WAYCAP HEADWEAR QUALITY\",\"alternateName\":\"Waycap spa\",\"url\":\"https:\/\/waycapspa.com\/fr\/\",\"logo\":{\"@type\":\"ImageObject\",\"inLanguage\":\"fr-FR\",\"@id\":\"https:\/\/waycapspa.com\/fr\/#\/schema\/logo\/image\/\",\"url\":\"https:\/\/waycapspa.com\/wp-content\/uploads\/2023\/03\/logo-sq_black_fav.png\",\"contentUrl\":\"https:\/\/waycapspa.com\/wp-content\/uploads\/2023\/03\/logo-sq_black_fav.png\",\"width\":1080,\"height\":1080,\"caption\":\"WAYCAP HEADWEAR QUALITY\"},\"image\":{\"@id\":\"https:\/\/waycapspa.com\/fr\/#\/schema\/logo\/image\/\"},\"sameAs\":[\"https:\/\/www.linkedin.com\/company\/waycap-s-p-a\/\"]}]}<\/script>\n<!-- \/ Yoast SEO plugin. -->","yoast_head_json":{"title":"WAYCAP Headwear Quality | Soft Accessories","description":"Waycap Headwear Quality. Azienda leader in Europa nella produzione di copricapi in tessuto e maglia. Produzione cappelli e soft accessory.","robots":{"index":"index","follow":"follow","max-snippet":"max-snippet:-1","max-image-preview":"max-image-preview:large","max-video-preview":"max-video-preview:-1"},"canonical":"https:\/\/waycapspa.com\/fr\/soft-accessories\/","og_locale":"fr_FR","og_type":"article","og_title":"WAYCAP Headwear Quality | Soft Accessories","og_description":"Waycap Headwear Quality. Azienda leader in Europa nella produzione di copricapi in tessuto e maglia. Produzione cappelli e soft accessory.","og_url":"https:\/\/waycapspa.com\/fr\/soft-accessories\/","og_site_name":"Waycap spa","article_modified_time":"2024-11-11T18:38:58+00:00","og_image":[{"width":1920,"height":1282,"url":"https:\/\/waycapspa.com\/wp-content\/uploads\/2023\/03\/foto-header_def-scaled.jpg","type":"image\/jpeg"}],"twitter_card":"summary_large_image","twitter_misc":{"Dur\u00e9e de lecture estim\u00e9e":"2 minutes"},"schema":{"@context":"https:\/\/schema.org","@graph":[{"@type":"WebPage","@id":"https:\/\/waycapspa.com\/fr\/soft-accessories\/","url":"https:\/\/waycapspa.com\/fr\/soft-accessories\/","name":"WAYCAP Headwear Quality | Soft Accessories","isPartOf":{"@id":"https:\/\/waycapspa.com\/fr\/#website"},"primaryImageOfPage":{"@id":"https:\/\/waycapspa.com\/fr\/soft-accessories\/#primaryimage"},"image":{"@id":"https:\/\/waycapspa.com\/fr\/soft-accessories\/#primaryimage"},"thumbnailUrl":"https:\/\/waycapspa.com\/wp-content\/uploads\/2023\/03\/foto-header_def-scaled.jpg","datePublished":"2023-05-02T07:21:56+00:00","dateModified":"2024-11-11T18:38:58+00:00","description":"Waycap Headwear Quality. Azienda leader in Europa nella produzione di copricapi in tessuto e maglia. Produzione cappelli e soft accessory.","breadcrumb":{"@id":"https:\/\/waycapspa.com\/fr\/soft-accessories\/#breadcrumb"},"inLanguage":"fr-FR","potentialAction":[{"@type":"ReadAction","target":["https:\/\/waycapspa.com\/fr\/soft-accessories\/"]}]},{"@type":"ImageObject","inLanguage":"fr-FR","@id":"https:\/\/waycapspa.com\/fr\/soft-accessories\/#primaryimage","url":"https:\/\/waycapspa.com\/wp-content\/uploads\/2023\/03\/foto-header_def-scaled.jpg","contentUrl":"https:\/\/waycapspa.com\/wp-content\/uploads\/2023\/03\/foto-header_def-scaled.jpg","width":1920,"height":1282},{"@type":"BreadcrumbList","@id":"https:\/\/waycapspa.com\/fr\/soft-accessories\/#breadcrumb","itemListElement":[{"@type":"ListItem","position":1,"name":"Home","item":"https:\/\/waycapspa.com\/fr\/"},{"@type":"ListItem","position":2,"name":"Soft Accessories"}]},{"@type":"WebSite","@id":"https:\/\/waycapspa.com\/fr\/#website","url":"https:\/\/waycapspa.com\/fr\/","name":"WAYCAP HEADWEAR QUALITY","description":"Headwear Quality","publisher":{"@id":"https:\/\/waycapspa.com\/fr\/#organization"},"alternateName":"WAYCAP SPA","potentialAction":[{"@type":"SearchAction","target":{"@type":"EntryPoint","urlTemplate":"https:\/\/waycapspa.com\/fr\/?s={search_term_string}"},"query-input":{"@type":"PropertyValueSpecification","valueRequired":true,"valueName":"search_term_string"}}],"inLanguage":"fr-FR"},{"@type":"Organization","@id":"https:\/\/waycapspa.com\/fr\/#organization","name":"WAYCAP HEADWEAR QUALITY","alternateName":"Waycap spa","url":"https:\/\/waycapspa.com\/fr\/","logo":{"@type":"ImageObject","inLanguage":"fr-FR","@id":"https:\/\/waycapspa.com\/fr\/#\/schema\/logo\/image\/","url":"https:\/\/waycapspa.com\/wp-content\/uploads\/2023\/03\/logo-sq_black_fav.png","contentUrl":"https:\/\/waycapspa.com\/wp-content\/uploads\/2023\/03\/logo-sq_black_fav.png","width":1080,"height":1080,"caption":"WAYCAP HEADWEAR QUALITY"},"image":{"@id":"https:\/\/waycapspa.com\/fr\/#\/schema\/logo\/image\/"},"sameAs":["https:\/\/www.linkedin.com\/company\/waycap-s-p-a\/"]}]}},"_links":{"self":[{"href":"https:\/\/waycapspa.com\/fr\/wp-json\/wp\/v2\/pages\/2596","targetHints":{"allow":["GET"]}}],"collection":[{"href":"https:\/\/waycapspa.com\/fr\/wp-json\/wp\/v2\/pages"}],"about":[{"href":"https:\/\/waycapspa.com\/fr\/wp-json\/wp\/v2\/types\/page"}],"author":[{"embeddable":true,"href":"https:\/\/waycapspa.com\/fr\/wp-json\/wp\/v2\/users\/1"}],"replies":[{"embeddable":true,"href":"https:\/\/waycapspa.com\/fr\/wp-json\/wp\/v2\/comments?post=2596"}],"version-history":[{"count":4,"href":"https:\/\/waycapspa.com\/fr\/wp-json\/wp\/v2\/pages\/2596\/revisions"}],"predecessor-version":[{"id":2656,"href":"https:\/\/waycapspa.com\/fr\/wp-json\/wp\/v2\/pages\/2596\/revisions\/2656"}],"wp:featuredmedia":[{"embeddable":true,"href":"https:\/\/waycapspa.com\/fr\/wp-json\/wp\/v2\/media\/2570"}],"wp:attachment":[{"href":"https:\/\/waycapspa.com\/fr\/wp-json\/wp\/v2\/media?parent=2596"}],"curies":[{"name":"wp","href":"https:\/\/api.w.org\/{rel}","templated":true}]}}